{"id":51097,"date":"2021-07-20T10:16:34","date_gmt":"2021-07-20T10:16:34","guid":{"rendered":"http:\/\/www.igel-nobilis.de\/?page_id=51097"},"modified":"2025-02-05T14:45:45","modified_gmt":"2025-02-05T14:45:45","slug":"impressum","status":"publish","type":"page","link":"https:\/\/www.igel-nobilis.de\/en\/impressum\/","title":{"rendered":"Imprint"},"content":{"rendered":"<p>[et_pb_section fb_built=&#8221;1&#8243; _builder_version=&#8221;4.16&#8243; _module_preset=&#8221;default&#8221; global_colors_info=&#8221;{}&#8221;][et_pb_row use_custom_gutter=&#8221;on&#8221; gutter_width=&#8221;2&#8243; make_equal=&#8221;on&#8221; _builder_version=&#8221;4.16&#8243; width_tablet=&#8221;90%&#8221; width_phone=&#8221;90%&#8221; width_last_edited=&#8221;on|tablet&#8221; max_width_tablet=&#8221;90%&#8221; max_width_phone=&#8221;90%&#8221; max_width_last_edited=&#8221;on|desktop&#8221; custom_padding=&#8221;57px||0px||false|false&#8221; locked=&#8221;off&#8221; global_colors_info=&#8221;{}&#8221;][et_pb_column type=&#8221;4_4&#8243; _builder_version=&#8221;4.16&#8243; global_colors_info=&#8221;{}&#8221;][et_pb_text _builder_version=&#8221;4.16&#8243; text_font=&#8221;|700|||||||&#8221; text_text_color=&#8221;#00629c&#8221; text_font_size=&#8221;40px&#8221; text_line_height=&#8221;1.2em&#8221; text_orientation=&#8221;center&#8221; text_font_size_tablet=&#8221;30px&#8221; text_font_size_phone=&#8221;20px&#8221; text_font_size_last_edited=&#8221;on|phone&#8221; global_colors_info=&#8221;{}&#8221;]<\/p>\n<p style=\"text-align: left;\">Impressum<\/p>\n<p>[\/et_pb_text][et_pb_divider divider_weight=&#8221;3px&#8221; _builder_version=&#8221;4.16&#8243; _module_preset=&#8221;default&#8221; max_width=&#8221;80px&#8221; module_alignment=&#8221;left&#8221; custom_margin=&#8221;32px|||4px|false|false&#8221; locked=&#8221;off&#8221; global_colors_info=&#8221;{}&#8221;][\/et_pb_divider][\/et_pb_column][\/et_pb_row][et_pb_row _builder_version=&#8221;4.16&#8243; _module_preset=&#8221;default&#8221; custom_padding=&#8221;33px|||||&#8221; global_colors_info=&#8221;{}&#8221;][et_pb_column type=&#8221;4_4&#8243; _builder_version=&#8221;4.16&#8243; _module_preset=&#8221;default&#8221; global_colors_info=&#8221;{}&#8221;][et_pb_text _builder_version=&#8221;4.17.4&#8243; _module_preset=&#8221;default&#8221; text_text_color=&#8221;#97999b&#8221; link_text_color=&#8221;#f2592b&#8221; global_colors_info=&#8221;{}&#8221;]<\/p>\n<p><strong>Angaben gem\u00e4\u00df \u00a7 5 TMG<\/strong><\/p>\n<p>IGEL nobilis GmbH<br \/>(ehemals Edelstahlverarbeitung J\u00fcterbog GmbH)<br \/>Herzberger Stra\u00dfe 43a<br \/>14913 J\u00fcterbog<\/p>\n<p><strong>Gesch\u00e4ftsf\u00fchrung:<\/strong> Uwe G\u00e4rtner, Andrea Schlunk, J\u00f6rg Tabel<\/p>\n<p><strong><\/strong><\/p>\n<p><strong>Kontakt<\/strong><\/p>\n<p>Telefon: +49 (0) 3372 4444 60<br \/>E-Mail: <a href=\"mailto:info@igel-nobilis.de\">info@igel-nobilis.de<\/a><\/p>\n<p><strong><\/strong><\/p>\n<p><strong>Umsatzsteuer-ID<\/strong><\/p>\n<p>Umsatzsteuer-Identifikationsnummer gem\u00e4\u00df \u00a727 a Umsatzsteuergesetz: DE198454242<\/p>\n<p><strong>Registergericht Potsdam<\/strong><\/p>\n<p>HRB 12 266<br \/>ST.-Nr.: 050\/111\/05043<\/p>\n<p>&nbsp;<\/p>\n<p><strong>Fotograf \/ Fotos:<\/strong><\/p>\n<p><a href=\"https:\/\/www.cphotographyberlin.com\/\">https:\/\/www.cphotographyberlin.com\/<\/a><\/p>\n<p><strong><\/strong><\/p>\n<p><strong>Inhalt<\/strong><\/p>\n<p>Verantwortlich f\u00fcr den Inhalt nach \u00a7 55 Abs. 2 RStV: Andreas G\u00e4rtner<\/p>\n<p><strong><\/strong><\/p>\n<p><strong>Online-Streitbeilegung gem\u00e4\u00df Art. 14 Abs. 1 ODR-Verordnung und \u00a7 36 VSBG:<\/strong><\/p>\n<p>Die Europ\u00e4ische Kommission stellt eine Plattform zur Online-Streitbeilegung (OS) bereit:\u00a0<a href=\"https:\/\/ec.europa.eu\/consumers\/odr\">https:\/\/ec.europa.eu\/consumers\/odr<\/a>.<br \/>Unsere E-Mail-Adresse finden Sie oben im Impressum.<br \/>Wir sind nicht bereit oder verpflichtet, an Streitbeilegungsverfahren vor einer Verbraucherschlichtungsstelle teilzunehmen.<\/p>\n<p><strong><\/strong><\/p>\n<p><strong>Weitere rechtliche Hinweise<\/strong><\/p>\n<p><strong>Haftung f\u00fcr Inhalte<\/strong><\/p>\n<p>Als Diensteanbieter sind wir gem\u00e4\u00df \u00a7 7 Abs.1 TMG f\u00fcr eigene Inhalte auf dieser Website nach den allgemeinen Gesetzen verantwortlich. Nach \u00a7\u00a7 8 bis 10 TMG sind wir als Diensteanbieter jedoch nicht verpflichtet, \u00fcbermittelte oder gespeicherte fremde Informationen zu \u00fcberwachen oder nach Umst\u00e4nden zu forschen, die auf eine rechtswidrige T\u00e4tigkeit hinweisen.<\/p>\n<p>Die Verpflichtungen zur Entfernung oder Sperrung der Nutzung von Informationen nach den allgemeinen Gesetzen bleiben hiervon unber\u00fchrt. Eine diesbez\u00fcgliche Haftung ist jedoch grunds\u00e4tzlich erst ab dem Zeitpunkt der Kenntnis einer konkreten Rechtsverletzung m\u00f6glich. Bei Bekanntwerden von entsprechenden Rechtverletzungen werden wir diese Inhalte umgehend entfernen oder entsprechend anpassen.<\/p>\n<p><strong><\/strong><\/p>\n<p><strong>Haftung f\u00fcr Links<\/strong><\/p>\n<p>Unsere Website enth\u00e4lt Links zu externen Websites Dritter, auf deren Inhalte wir keinen Einfluss haben. Deshalb k\u00f6nnen wir f\u00fcr diese fremden Inhalte auch keine Gew\u00e4hrleistung \u00fcbernehmen. F\u00fcr die Inhalte der verlinkten Websites ist stets der jeweilige Anbieter oder Websitebetreiber verantwortlich. Die von uns verlinkten Websites wurden zum Zeitpunkt der Verlinkung auf m\u00f6gliche Rechtsverst\u00f6\u00dfe \u00fcberpr\u00fcft. Rechtswidrige Inhalte waren zum Zeitpunkt der Verlinkung nicht erkennbar.<\/p>\n<p>Eine permanente inhaltliche Kontrolle der verlinkten Websites ist jedoch ohne konkrete Anhaltspunkte einer Rechtsverletzung nicht zumutbar. Daher weisen wir daraufhin, dass der Besuch von verlinkten Websites grunds\u00e4tzlich auf eigene Verantwortung geschieht. Bei Bekanntwerden von Rechtsverletzungen werden wir hiervon betroffene Links umgehend entfernen.<\/p>\n<p><strong><\/strong><\/p>\n<p><strong>Urheberrecht<\/strong><\/p>\n<p>S\u00e4mtliche durch den Seitenbetreiber erstellten Inhalte und Werke auf dieser Website unterliegen dem deutschen Urheberrecht. Die Vervielf\u00e4ltigung, Bearbeitung, Verbreitung und jede Art der Verwertung au\u00dferhalb der Grenzen des Urheberrechtes bed\u00fcrfen der schriftlichen Zustimmung des jeweiligen Autors bzw. Erstellers. Downloads und Kopien dieser Website sowie einzelner Inhalte sind nur f\u00fcr den privaten, nicht kommerziellen Gebrauch gestattet.<\/p>\n<p>Soweit die Inhalte auf dieser Website nicht vom Betreiber erstellt wurden, werden die Urheberrechte Dritter entsprechend beachtet. Insbesondere werden Inhalte Dritter je nach Umfang der erworbenen oder anderweitig gew\u00e4hrten Nutzungsrechte als solche gekennzeichnet. Sollten Sie dennoch auf eine Urheberrechtsverletzung oder ungenaue Kennzeichnung aufmerksam werden, bitten wir um einen entsprechenden Hinweis. Bei Bekanntwerden von Rechtsverletzungen werden wir derartige Inhalte umgehend entfernen oder die Kennzeichnung entsprechend anpassen.<\/p>\n<p><strong><\/strong><\/p>\n<p><strong>Datenschutz<\/strong><\/p>\n<p>Sie k\u00f6nnen unsere Website grunds\u00e4tzlich ohne Angabe personenbezogener Daten nutzen. Sofern auf unserer Website personenbezogene Daten (wie Name, Anschrift oder E-Mail-Adresse oder mithilfe von Cookies erhobene Nutzungsdaten) verarbeitet werden, erfolgt diese grunds\u00e4tzlich immer erst nach Ihrer freiwilligen und jederzeit widerrufbaren Einwilligung. Die personenbezogenen Daten werden nicht ohne Ihre ausdr\u00fcckliche Einwilligung an Dritte weitergegeben. Die Wagener &amp; Zimmermann GbR weist darauf hin, dass die Daten\u00fcbertragung im Internet (z.B. bei der Kommunikation per E-Mail) Sicherheitsl\u00fccken aufweisen kann. Soweit m\u00f6glich und angemessen haben wir insbesondere angemessene technische und organisatorische Ma\u00dfnahmen zum Schutz Ihrer Daten vor unberechtigtem Zugriff umgesetzt.<\/p>\n<p>Hiermit widersprechen wir ausdr\u00fccklich jeglicher Nutzung von im Rahmen der Impressumspflicht ver\u00f6ffentlichten Kontaktdaten durch Dritte zur \u00dcbermittlung von nicht angeforderter Werbung oder sonstigen Informationsmaterialien. Wir als Websitebetreiber halten uns im Falle der ungew\u00fcnschten Zusendung von Werbeinformationen, etwa mittels Spam-Mails, rechtliche Schritte vor.<\/p>\n<p>Weitere Informationen zum Datenschutz finden Sie in unserer <a href=\"http:\/\/www.igel-nobilis.de\/datenschutzerklaerung\/\">Datenschutzerkl\u00e4rung<\/a>.<\/p>\n<p>[\/et_pb_text][\/et_pb_column][\/et_pb_row][\/et_pb_section]<\/p>\n","protected":false},"excerpt":{"rendered":"<p>ImpressumAngaben gem\u00e4\u00df \u00a7 5 TMG IGEL nobilis GmbH(ehemals Edelstahlverarbeitung J\u00fcterbog GmbH)Herzberger Stra\u00dfe 43a14913 J\u00fcterbog Gesch\u00e4ftsf\u00fchrung: Uwe G\u00e4rtner, Andrea Schlunk, J\u00f6rg Tabel Kontakt Telefon: +49 (0) 3372 4444 60E-Mail: info@igel-nobilis.de Umsatzsteuer-ID Umsatzsteuer-Identifikationsnummer gem\u00e4\u00df \u00a727 a Umsatzsteuergesetz: DE198454242 Registergericht Potsdam HRB 12 266ST.-Nr.: 050\/111\/05043 &nbsp; Fotograf \/ Fotos: https:\/\/www.cphotographyberlin.com\/ Inhalt Verantwortlich f\u00fcr den Inhalt nach \u00a7 55 [&hellip;]<\/p>\n","protected":false},"author":1,"featured_media":0,"parent":0,"menu_order":0,"comment_status":"closed","ping_status":"closed","template":"","meta":{"_et_pb_use_builder":"on","_et_pb_old_content":"","_et_gb_content_width":"","footnotes":""},"dipi_cpt_category":[],"class_list":["post-51097","page","type-page","status-publish","hentry"],"yoast_head":"<!-- This site is optimized with the Yoast SEO plugin v27.5 - https:\/\/yoast.com\/product\/yoast-seo-wordpress\/ -->\n<title>Impressum - IGEL nobilis<\/title>\n<meta name=\"robots\" content=\"index, follow, max-snippet:-1, max-image-preview:large, max-video-preview:-1\" \/>\n<link rel=\"canonical\" href=\"https:\/\/www.igel-nobilis.de\/en\/impressum\/\" \/>\n<meta property=\"og:locale\" content=\"en_GB\" \/>\n<meta property=\"og:type\" content=\"article\" \/>\n<meta property=\"og:title\" content=\"Impressum - IGEL nobilis\" \/>\n<meta property=\"og:description\" content=\"ImpressumAngaben gem\u00e4\u00df \u00a7 5 TMG IGEL nobilis GmbH(ehemals Edelstahlverarbeitung J\u00fcterbog GmbH)Herzberger Stra\u00dfe 43a14913 J\u00fcterbog Gesch\u00e4ftsf\u00fchrung: Uwe G\u00e4rtner, Andrea Schlunk, J\u00f6rg Tabel Kontakt Telefon: +49 (0) 3372 4444 60E-Mail: info@igel-nobilis.de Umsatzsteuer-ID Umsatzsteuer-Identifikationsnummer gem\u00e4\u00df \u00a727 a Umsatzsteuergesetz: DE198454242 Registergericht Potsdam HRB 12 266ST.-Nr.: 050\/111\/05043 &nbsp; Fotograf \/ Fotos: https:\/\/www.cphotographyberlin.com\/ Inhalt Verantwortlich f\u00fcr den Inhalt nach \u00a7 55 [&hellip;]\" \/>\n<meta property=\"og:url\" content=\"https:\/\/www.igel-nobilis.de\/en\/impressum\/\" \/>\n<meta property=\"og:site_name\" content=\"IGEL nobilis\" \/>\n<meta property=\"article:modified_time\" content=\"2025-02-05T14:45:45+00:00\" \/>\n<meta name=\"twitter:card\" content=\"summary_large_image\" \/>\n<meta name=\"twitter:label1\" content=\"Est. reading time\" \/>\n\t<meta name=\"twitter:data1\" content=\"1 minute\" \/>\n<script type=\"application\/ld+json\" class=\"yoast-schema-graph\">{\"@context\":\"https:\\\/\\\/schema.org\",\"@graph\":[{\"@type\":\"WebPage\",\"@id\":\"https:\\\/\\\/www.igel-nobilis.de\\\/impressum\\\/\",\"url\":\"https:\\\/\\\/www.igel-nobilis.de\\\/impressum\\\/\",\"name\":\"Impressum - IGEL nobilis\",\"isPartOf\":{\"@id\":\"https:\\\/\\\/www.igel-nobilis.de\\\/#website\"},\"datePublished\":\"2021-07-20T10:16:34+00:00\",\"dateModified\":\"2025-02-05T14:45:45+00:00\",\"breadcrumb\":{\"@id\":\"https:\\\/\\\/www.igel-nobilis.de\\\/impressum\\\/#breadcrumb\"},\"inLanguage\":\"en-GB\",\"potentialAction\":[{\"@type\":\"ReadAction\",\"target\":[\"https:\\\/\\\/www.igel-nobilis.de\\\/impressum\\\/\"]}]},{\"@type\":\"BreadcrumbList\",\"@id\":\"https:\\\/\\\/www.igel-nobilis.de\\\/impressum\\\/#breadcrumb\",\"itemListElement\":[{\"@type\":\"ListItem\",\"position\":1,\"name\":\"Startseite\",\"item\":\"https:\\\/\\\/www.igel-nobilis.de\\\/\"},{\"@type\":\"ListItem\",\"position\":2,\"name\":\"Impressum\"}]},{\"@type\":\"WebSite\",\"@id\":\"https:\\\/\\\/www.igel-nobilis.de\\\/#website\",\"url\":\"https:\\\/\\\/www.igel-nobilis.de\\\/\",\"name\":\"IGEL nobilis\",\"description\":\"Ihr Edelstahlprofi\",\"potentialAction\":[{\"@type\":\"SearchAction\",\"target\":{\"@type\":\"EntryPoint\",\"urlTemplate\":\"https:\\\/\\\/www.igel-nobilis.de\\\/?s={search_term_string}\"},\"query-input\":{\"@type\":\"PropertyValueSpecification\",\"valueRequired\":true,\"valueName\":\"search_term_string\"}}],\"inLanguage\":\"en-GB\"}]}<\/script>\n<!-- \/ Yoast SEO plugin. -->","yoast_head_json":{"title":"Impressum - IGEL nobilis","robots":{"index":"index","follow":"follow","max-snippet":"max-snippet:-1","max-image-preview":"max-image-preview:large","max-video-preview":"max-video-preview:-1"},"canonical":"https:\/\/www.igel-nobilis.de\/en\/impressum\/","og_locale":"en_GB","og_type":"article","og_title":"Impressum - IGEL nobilis","og_description":"ImpressumAngaben gem\u00e4\u00df \u00a7 5 TMG IGEL nobilis GmbH(ehemals Edelstahlverarbeitung J\u00fcterbog GmbH)Herzberger Stra\u00dfe 43a14913 J\u00fcterbog Gesch\u00e4ftsf\u00fchrung: Uwe G\u00e4rtner, Andrea Schlunk, J\u00f6rg Tabel Kontakt Telefon: +49 (0) 3372 4444 60E-Mail: info@igel-nobilis.de Umsatzsteuer-ID Umsatzsteuer-Identifikationsnummer gem\u00e4\u00df \u00a727 a Umsatzsteuergesetz: DE198454242 Registergericht Potsdam HRB 12 266ST.-Nr.: 050\/111\/05043 &nbsp; Fotograf \/ Fotos: https:\/\/www.cphotographyberlin.com\/ Inhalt Verantwortlich f\u00fcr den Inhalt nach \u00a7 55 [&hellip;]","og_url":"https:\/\/www.igel-nobilis.de\/en\/impressum\/","og_site_name":"IGEL nobilis","article_modified_time":"2025-02-05T14:45:45+00:00","twitter_card":"summary_large_image","twitter_misc":{"Est. reading time":"1 minute"},"schema":{"@context":"https:\/\/schema.org","@graph":[{"@type":"WebPage","@id":"https:\/\/www.igel-nobilis.de\/impressum\/","url":"https:\/\/www.igel-nobilis.de\/impressum\/","name":"Impressum - IGEL nobilis","isPartOf":{"@id":"https:\/\/www.igel-nobilis.de\/#website"},"datePublished":"2021-07-20T10:16:34+00:00","dateModified":"2025-02-05T14:45:45+00:00","breadcrumb":{"@id":"https:\/\/www.igel-nobilis.de\/impressum\/#breadcrumb"},"inLanguage":"en-GB","potentialAction":[{"@type":"ReadAction","target":["https:\/\/www.igel-nobilis.de\/impressum\/"]}]},{"@type":"BreadcrumbList","@id":"https:\/\/www.igel-nobilis.de\/impressum\/#breadcrumb","itemListElement":[{"@type":"ListItem","position":1,"name":"Startseite","item":"https:\/\/www.igel-nobilis.de\/"},{"@type":"ListItem","position":2,"name":"Impressum"}]},{"@type":"WebSite","@id":"https:\/\/www.igel-nobilis.de\/#website","url":"https:\/\/www.igel-nobilis.de\/","name":"IGEL nobilis","description":"Ihr Edelstahlprofi","potentialAction":[{"@type":"SearchAction","target":{"@type":"EntryPoint","urlTemplate":"https:\/\/www.igel-nobilis.de\/?s={search_term_string}"},"query-input":{"@type":"PropertyValueSpecification","valueRequired":true,"valueName":"search_term_string"}}],"inLanguage":"en-GB"}]}},"_links":{"self":[{"href":"https:\/\/www.igel-nobilis.de\/en\/wp-json\/wp\/v2\/pages\/51097","targetHints":{"allow":["GET"]}}],"collection":[{"href":"https:\/\/www.igel-nobilis.de\/en\/wp-json\/wp\/v2\/pages"}],"about":[{"href":"https:\/\/www.igel-nobilis.de\/en\/wp-json\/wp\/v2\/types\/page"}],"author":[{"embeddable":true,"href":"https:\/\/www.igel-nobilis.de\/en\/wp-json\/wp\/v2\/users\/1"}],"replies":[{"embeddable":true,"href":"https:\/\/www.igel-nobilis.de\/en\/wp-json\/wp\/v2\/comments?post=51097"}],"version-history":[{"count":12,"href":"https:\/\/www.igel-nobilis.de\/en\/wp-json\/wp\/v2\/pages\/51097\/revisions"}],"predecessor-version":[{"id":11337226,"href":"https:\/\/www.igel-nobilis.de\/en\/wp-json\/wp\/v2\/pages\/51097\/revisions\/11337226"}],"wp:attachment":[{"href":"https:\/\/www.igel-nobilis.de\/en\/wp-json\/wp\/v2\/media?parent=51097"}],"wp:term":[{"taxonomy":"dipi_cpt_category","embeddable":true,"href":"https:\/\/www.igel-nobilis.de\/en\/wp-json\/wp\/v2\/dipi_cpt_category?post=51097"}],"curies":[{"name":"wp","href":"https:\/\/api.w.org\/{rel}","templated":true}]}}