{"id":60492,"date":"2022-04-08T09:25:46","date_gmt":"2022-04-08T09:25:46","guid":{"rendered":"http:\/\/www.igel-nobilis.de\/?page_id=60492"},"modified":"2025-10-22T06:08:38","modified_gmt":"2025-10-22T06:08:38","slug":"jobs","status":"publish","type":"page","link":"https:\/\/www.igel-nobilis.de\/en\/jobs\/","title":{"rendered":"Jobs"},"content":{"rendered":"<p>[et_pb_section fb_built=&#8221;1&#8243; _builder_version=&#8221;4.16&#8243; _module_preset=&#8221;default&#8221; background_enable_image=&#8221;off&#8221; custom_padding=&#8221;||0px|||&#8221; global_colors_info=&#8221;{}&#8221;][et_pb_row column_structure=&#8221;1_3,1_3,1_3&#8243; make_equal=&#8221;on&#8221; custom_padding_last_edited=&#8221;on|tablet&#8221; _builder_version=&#8221;4.18.0&#8243; _module_preset=&#8221;default&#8221; width=&#8221;85%&#8221; custom_padding=&#8221;80px||80px||false|false&#8221; custom_padding_tablet=&#8221;40px||||false|false&#8221; custom_padding_phone=&#8221;40px||||false|false&#8221; global_colors_info=&#8221;{}&#8221;][et_pb_column type=&#8221;1_3&#8243; module_class=&#8221;dp-vertical-align&#8221; _builder_version=&#8221;4.16&#8243; _module_preset=&#8221;default&#8221; global_colors_info=&#8221;{}&#8221;][et_pb_image src=&#8221;http:\/\/www.igel-nobilis.de\/wp-content\/uploads\/2022\/08\/Igel-Nobilis_Fotoshooting_7.07.2022-2.jpg&#8221; title_text=&#8221;Igel Nobilis_Fotoshooting_7.07.2022-2&#8243; _builder_version=&#8221;4.18.0&#8243; _module_preset=&#8221;default&#8221; box_shadow_style=&#8221;preset1&#8243; box_shadow_vertical=&#8221;4px&#8221; box_shadow_blur=&#8221;48px&#8221; box_shadow_color=&#8221;rgba(22,52,127,0.1)&#8221; global_colors_info=&#8221;{}&#8221;][\/et_pb_image][\/et_pb_column][et_pb_column type=&#8221;1_3&#8243; module_class=&#8221;dp-vertical-align&#8221; _builder_version=&#8221;4.16&#8243; _module_preset=&#8221;default&#8221; global_colors_info=&#8221;{}&#8221;][et_pb_text _builder_version=&#8221;4.18.0&#8243; _module_preset=&#8221;default&#8221; header_2_font=&#8221;|700|||||||&#8221; header_2_text_color=&#8221;#00629c&#8221; header_2_font_size=&#8221;36px&#8221; header_2_line_height=&#8221;1.2em&#8221; custom_margin=&#8221;||20px||false|false&#8221; header_2_font_size_tablet=&#8221;&#8221; header_2_font_size_phone=&#8221;24px&#8221; header_2_font_size_last_edited=&#8221;on|phone&#8221; global_colors_info=&#8221;{}&#8221;]<\/p>\n<h2 style=\"text-align: center;\">Wir suchen dich!<\/h2>\n<p>[\/et_pb_text][et_pb_text _builder_version=&#8221;4.18.0&#8243; _module_preset=&#8221;default&#8221; text_text_color=&#8221;rgba(151,153,155,0.9)&#8221; text_font_size=&#8221;16px&#8221; text_line_height=&#8221;1.8em&#8221; text_font_size_tablet=&#8221;&#8221; text_font_size_phone=&#8221;15px&#8221; text_font_size_last_edited=&#8221;on|phone&#8221; global_colors_info=&#8221;{}&#8221;]<\/p>\n<p style=\"text-align: center;\">Du hast ein gutes r\u00e4umliches Vorstellungsverm\u00f6gen, bist kreativ und arbeitest pr\u00e4zise? CNC-Technik und individuelle Blechbearbeitung faszinieren dich?<\/p>\n<p style=\"text-align: center;\">Dann komm ins Team und gestalte mit uns <strong>individuelle\u00a0Edelstahlk\u00fcchen<\/strong> \u2013 mit modernster Technik und echter Handwerkskunst!<\/p>\n<p>[\/et_pb_text][et_pb_button button_url=&#8221;http:\/\/www.igel-nobilis.de\/wp-content\/uploads\/2022\/04\/Datenschutzhinweise-Berwerber-in-IGEL-nobilis.pdf&#8221; url_new_window=&#8221;on&#8221; button_text=&#8221;Bewerberdatenschutzhinweise&#8221; button_alignment=&#8221;center&#8221; _builder_version=&#8221;4.18.0&#8243; _module_preset=&#8221;default&#8221; custom_button=&#8221;on&#8221; button_text_size=&#8221;13px&#8221; button_text_color=&#8221;#ffffff&#8221; button_bg_color=&#8221;#f2592b&#8221; button_border_width=&#8221;0px&#8221; button_letter_spacing=&#8221;1px&#8221; button_font=&#8221;|700||on|||||&#8221; custom_margin=&#8221;-18px|||||&#8221; custom_padding=&#8221;12px|25px|12px|25px|false|false&#8221; box_shadow_style=&#8221;preset3&#8243; box_shadow_color=&#8221;rgba(22,52,127,0.31)&#8221; global_colors_info=&#8221;{}&#8221;][\/et_pb_button][\/et_pb_column][et_pb_column type=&#8221;1_3&#8243; module_class=&#8221;dp-vertical-align&#8221; _builder_version=&#8221;4.16&#8243; _module_preset=&#8221;default&#8221; global_colors_info=&#8221;{}&#8221;][et_pb_image src=&#8221;http:\/\/www.igel-nobilis.de\/wp-content\/uploads\/2022\/08\/Igel-Nobilis_Fotoshooting_7.07.2022-28.jpg&#8221; title_text=&#8221;Igel Nobilis_Fotoshooting_7.07.2022-28&#8243; _builder_version=&#8221;4.18.0&#8243; _module_preset=&#8221;default&#8221; box_shadow_style=&#8221;preset1&#8243; box_shadow_vertical=&#8221;4px&#8221; box_shadow_blur=&#8221;48px&#8221; box_shadow_color=&#8221;rgba(22,52,127,0.1)&#8221; global_colors_info=&#8221;{}&#8221;][\/et_pb_image][\/et_pb_column][\/et_pb_row][et_pb_row _builder_version=&#8221;4.17.0&#8243; _module_preset=&#8221;default&#8221; custom_padding=&#8221;||113px|||&#8221; global_colors_info=&#8221;{}&#8221;][et_pb_column type=&#8221;4_4&#8243; _builder_version=&#8221;4.17.0&#8243; _module_preset=&#8221;default&#8221; global_colors_info=&#8221;{}&#8221;][et_pb_text _builder_version=&#8221;4.17.0&#8243; _module_preset=&#8221;default&#8221; header_2_font=&#8221;|700|||||||&#8221; header_2_text_color=&#8221;#00629c&#8221; header_2_font_size=&#8221;36px&#8221; header_2_line_height=&#8221;1.2em&#8221; custom_margin=&#8221;||20px||false|false&#8221; header_2_font_size_tablet=&#8221;&#8221; header_2_font_size_phone=&#8221;24px&#8221; header_2_font_size_last_edited=&#8221;on|phone&#8221; global_colors_info=&#8221;{}&#8221;]<\/p>\n<h2 style=\"text-align: center;\">Offene Stellen<\/h2>\n<p>[\/et_pb_text][et_pb_divider divider_weight=&#8221;3px&#8221; _builder_version=&#8221;4.17.0&#8243; _module_preset=&#8221;default&#8221; max_width=&#8221;80px&#8221; module_alignment=&#8221;center&#8221; custom_margin=&#8221;||5px||false|false&#8221; global_colors_info=&#8221;{}&#8221;][\/et_pb_divider][et_pb_accordion open_toggle_text_color=&#8221;#00629c&#8221; _builder_version=&#8221;4.24.0&#8243; _module_preset=&#8221;default&#8221; toggle_text_color=&#8221;#00629c&#8221; toggle_font_size=&#8221;20px&#8221; body_text_color=&#8221;rgba(151,153,155,0.9)&#8221; body_font_size=&#8221;16px&#8221; hover_enabled=&#8221;0&#8243; border_radii=&#8221;on|3px|3px|3px|3px&#8221; box_shadow_style=&#8221;preset1&#8243; box_shadow_color=&#8221;rgba(0,0,0,0.1)&#8221; global_colors_info=&#8221;{}&#8221; sticky_enabled=&#8221;0&#8243;][et_pb_accordion_item title=&#8221;Ausbildung als Metallbauer\/in Konstruktionstechnik in J\u00fcterbog (m\/w\/d)&#8221; _builder_version=&#8221;4.24.0&#8243; _module_preset=&#8221;default&#8221; global_colors_info=&#8221;{}&#8221; open=&#8221;on&#8221;]<\/p>\n<p>Du suchst eine Ausbildung mit spannenden Aufgaben, echten Perspektiven und starken Vorteilen? Dann bist du bei uns genau richtig!<\/p>\n<h4><strong>Das bieten wir dir:<\/strong><\/h4>\n<ul>\n<li><strong>Vorpraktikum oder Ferienjob<\/strong> \u2013 Lerne uns schon vor deiner Ausbildung kennen und sammle erste Erfahrungen.<\/li>\n<li><strong>Volle Kosten\u00fcbernahme<\/strong> \u2013 Wir \u00fcbernehmen die Fahrt- und Internatskosten zur Berufsschule sowie f\u00fcr Lehrg\u00e4nge.<br \/><strong><\/strong><\/li>\n<li><strong>Geregelte Arbeitszeiten<\/strong> \u2013 Keine Schichtarbeit, daf\u00fcr ein strukturierter Arbeitstag.<\/li>\n<li><strong>Top-Ausstattung<\/strong> \u2013 Du bekommst zu Ausbildungsbeginn deinen eigenen Laptop.<\/li>\n<li><strong>Erfolgsbeteiligung<\/strong> \u2013 Als Teil unseres Teams profitierst du von einer freiwilligen, halbj\u00e4hrlichen Bonuszahlung.<\/li>\n<li><strong>Komplette Arbeitskleidung<\/strong> \u2013 Wir stellen dir alles, was du f\u00fcr deinen Job brauchst, inklusive einem Zuschuss f\u00fcr deine Sicherheitsschuhe.<br \/><strong><\/strong><\/li>\n<li><strong>Verpflegung<\/strong> \u2013 In unserer Kantine gibt es Fr\u00fchst\u00fcck und zwei Catering-Optionen f\u00fcr dein Mittagessen. Au\u00dferdem steht dir ein <strong>t\u00e4glich frischer Obstkorb<\/strong> zur Verf\u00fcgung.<\/li>\n<li><strong>Exklusive Benefitkarte<\/strong> \u2013 Ab dem 2. Lehrjahr erh\u00e4ltst du monatlich bis zu <strong>50 \u20ac zus\u00e4tzlich<\/strong> auf deine eigene Benefitkarte.<\/li>\n<\/ul>\n<h3><strong>Das solltest du mitbringen:<\/strong><\/h3>\n<ul>\n<li><strong>Technik begeistert dich?<\/strong> Perfekt! Du solltest ein grundlegendes Interesse an Metallbearbeitung haben \u2013 egal, ob du gerne t\u00fcftelst, baust oder einfach verstehen willst, wie Dinge funktionieren.<\/li>\n<li><strong>Analytisches Denken<\/strong> \u2013 Du liebst es, Probleme zu l\u00f6sen und L\u00f6sungen zu finden, die wirklich Sinn ergeben? Dann bist du bei uns richtig!<\/li>\n<li><strong>R\u00e4umliches Verst\u00e4ndnis<\/strong> \u2013 Wenn du dir ein M\u00f6belst\u00fcck nicht nur in Gedanken, sondern auch in Ma\u00dfen vorstellen kannst, bist du bei uns goldrichtig.<\/li>\n<li><strong>Qualit\u00e4tsbewusstsein<\/strong> \u2013 \u201eHauptsache schnell fertig\u201c gibt\u2019s bei uns nicht. Du arbeitest sauber, genau und hast ein Auge f\u00fcrs Detail.<\/li>\n<li><strong>K\u00fcchen sind dein Ding?<\/strong> Wir bauen individuelle Edelstahlk\u00fcchen f\u00fcr die Gastronomie. Wenn du es spannend findest, aus rohem Metall edle Designs zu schaffen, passt du perfekt in unser Team.<\/li>\n<li><strong>Ein Hauptschulabschluss? W\u00e4re super!<\/strong> Aber noch wichtiger sind uns dein Engagement und deine Motivation, Neues zu lernen.<strong><\/strong><\/li>\n<\/ul>\n<p><strong>Haben wir dein Interesse geweckt?<\/strong><br \/>Dann werde Teil unseres Teams und starte deine Karriere bei uns!<\/p>\n<p>Sende uns deine <strong>aussagekr\u00e4ftige Bewerbung<\/strong> \u2013 wir freuen uns auf dich!<\/p>\n<p>[\/et_pb_accordion_item][\/et_pb_accordion][et_pb_button button_url=&#8221;http:\/\/www.igel-nobilis.de\/kontakt\/&#8221; button_text=&#8221;Jetzt bewerben&#8221; button_alignment=&#8221;center&#8221; _builder_version=&#8221;4.24.0&#8243; _module_preset=&#8221;default&#8221; custom_button=&#8221;on&#8221; button_text_size=&#8221;13px&#8221; button_text_color=&#8221;#ffffff&#8221; button_bg_color=&#8221;#f2592b&#8221; button_border_width=&#8221;0px&#8221; button_letter_spacing=&#8221;1px&#8221; button_font=&#8221;|700||on|||||&#8221; custom_padding=&#8221;12px|25px|12px|25px|false|false&#8221; box_shadow_style=&#8221;preset3&#8243; box_shadow_color=&#8221;rgba(22,52,127,0.31)&#8221; global_colors_info=&#8221;{}&#8221;][\/et_pb_button][\/et_pb_column][\/et_pb_row][\/et_pb_section]<\/p>\n","protected":false},"excerpt":{"rendered":"<p>Get A FREE Divi Pixel Layout Pack for corporate and business websites.<\/p>","protected":false},"author":1,"featured_media":0,"parent":0,"menu_order":0,"comment_status":"closed","ping_status":"closed","template":"","meta":{"_et_pb_use_builder":"on","_et_pb_old_content":"<!-- wp:paragraph -->\n<p>This is an example page. It's different from a blog post because it will stay in one place and will show up in your site navigation (in most themes). Most people start with an About page that introduces them to potential site visitors. It might say something like this:<\/p>\n<!-- \/wp:paragraph -->\n\n<!-- wp:quote -->\n<blockquote class=\"wp-block-quote\"><!-- wp:paragraph -->\n<p>Hi there! I'm a bike messenger by day, aspiring actor by night, and this is my website. I live in Los Angeles, have a great dog named Jack, and I like pi\u00f1a coladas. (And gettin' caught in the rain.)<\/p>\n<!-- \/wp:paragraph --><\/blockquote>\n<!-- \/wp:quote -->\n\n<!-- wp:paragraph -->\n<p>...or something like this:<\/p>\n<!-- \/wp:paragraph -->\n\n<!-- wp:quote -->\n<blockquote class=\"wp-block-quote\"><!-- wp:paragraph -->\n<p>The XYZ Doohickey Company was founded in 1971, and has been providing quality doohickeys to the public ever since. Located in Gotham City, XYZ employs over 2,000 people and does all kinds of awesome things for the Gotham community.<\/p>\n<!-- \/wp:paragraph --><\/blockquote>\n<!-- \/wp:quote -->\n\n<!-- wp:paragraph -->\n<p>As a new WordPress user, you should go to <a href=\"https:\/\/demo.divi-pixel.com\/business\/wp-admin\/\">your dashboard<\/a> to delete this page and create new pages for your content. Have fun!<\/p>\n<!-- \/wp:paragraph -->","_et_gb_content_width":"","footnotes":""},"dipi_cpt_category":[],"class_list":["post-60492","page","type-page","status-publish","hentry"],"yoast_head":"<!-- This site is optimized with the Yoast SEO plugin v27.5 - https:\/\/yoast.com\/product\/yoast-seo-wordpress\/ -->\n<title>Jobs - IGEL nobilis<\/title>\n<meta name=\"robots\" content=\"index, follow, max-snippet:-1, max-image-preview:large, max-video-preview:-1\" \/>\n<link rel=\"canonical\" href=\"https:\/\/www.igel-nobilis.de\/en\/jobs\/\" \/>\n<meta property=\"og:locale\" content=\"en_GB\" \/>\n<meta property=\"og:type\" content=\"article\" \/>\n<meta property=\"og:title\" content=\"Jobs - IGEL nobilis\" \/>\n<meta property=\"og:description\" content=\"Get A FREE Divi Pixel Layout Pack for corporate and business websites.\" \/>\n<meta property=\"og:url\" content=\"https:\/\/www.igel-nobilis.de\/en\/jobs\/\" \/>\n<meta property=\"og:site_name\" content=\"IGEL nobilis\" \/>\n<meta property=\"article:modified_time\" content=\"2025-10-22T06:08:38+00:00\" \/>\n<meta name=\"twitter:card\" content=\"summary_large_image\" \/>\n<meta name=\"twitter:label1\" content=\"Est. reading time\" \/>\n\t<meta name=\"twitter:data1\" content=\"5 minutes\" \/>\n<script type=\"application\/ld+json\" class=\"yoast-schema-graph\">{\"@context\":\"https:\\\/\\\/schema.org\",\"@graph\":[{\"@type\":\"WebPage\",\"@id\":\"https:\\\/\\\/www.igel-nobilis.de\\\/jobs\\\/\",\"url\":\"https:\\\/\\\/www.igel-nobilis.de\\\/jobs\\\/\",\"name\":\"Jobs - IGEL nobilis\",\"isPartOf\":{\"@id\":\"https:\\\/\\\/www.igel-nobilis.de\\\/#website\"},\"datePublished\":\"2022-04-08T09:25:46+00:00\",\"dateModified\":\"2025-10-22T06:08:38+00:00\",\"breadcrumb\":{\"@id\":\"https:\\\/\\\/www.igel-nobilis.de\\\/jobs\\\/#breadcrumb\"},\"inLanguage\":\"en-GB\",\"potentialAction\":[{\"@type\":\"ReadAction\",\"target\":[\"https:\\\/\\\/www.igel-nobilis.de\\\/jobs\\\/\"]}]},{\"@type\":\"BreadcrumbList\",\"@id\":\"https:\\\/\\\/www.igel-nobilis.de\\\/jobs\\\/#breadcrumb\",\"itemListElement\":[{\"@type\":\"ListItem\",\"position\":1,\"name\":\"Startseite\",\"item\":\"https:\\\/\\\/www.igel-nobilis.de\\\/\"},{\"@type\":\"ListItem\",\"position\":2,\"name\":\"Jobs\"}]},{\"@type\":\"WebSite\",\"@id\":\"https:\\\/\\\/www.igel-nobilis.de\\\/#website\",\"url\":\"https:\\\/\\\/www.igel-nobilis.de\\\/\",\"name\":\"IGEL nobilis\",\"description\":\"Ihr Edelstahlprofi\",\"potentialAction\":[{\"@type\":\"SearchAction\",\"target\":{\"@type\":\"EntryPoint\",\"urlTemplate\":\"https:\\\/\\\/www.igel-nobilis.de\\\/?s={search_term_string}\"},\"query-input\":{\"@type\":\"PropertyValueSpecification\",\"valueRequired\":true,\"valueName\":\"search_term_string\"}}],\"inLanguage\":\"en-GB\"}]}<\/script>\n<!-- \/ Yoast SEO plugin. -->","yoast_head_json":{"title":"Jobs - IGEL nobilis","robots":{"index":"index","follow":"follow","max-snippet":"max-snippet:-1","max-image-preview":"max-image-preview:large","max-video-preview":"max-video-preview:-1"},"canonical":"https:\/\/www.igel-nobilis.de\/en\/jobs\/","og_locale":"en_GB","og_type":"article","og_title":"Jobs - IGEL nobilis","og_description":"Get A FREE Divi Pixel Layout Pack for corporate and business websites.","og_url":"https:\/\/www.igel-nobilis.de\/en\/jobs\/","og_site_name":"IGEL nobilis","article_modified_time":"2025-10-22T06:08:38+00:00","twitter_card":"summary_large_image","twitter_misc":{"Est. reading time":"5 minutes"},"schema":{"@context":"https:\/\/schema.org","@graph":[{"@type":"WebPage","@id":"https:\/\/www.igel-nobilis.de\/jobs\/","url":"https:\/\/www.igel-nobilis.de\/jobs\/","name":"Jobs - IGEL nobilis","isPartOf":{"@id":"https:\/\/www.igel-nobilis.de\/#website"},"datePublished":"2022-04-08T09:25:46+00:00","dateModified":"2025-10-22T06:08:38+00:00","breadcrumb":{"@id":"https:\/\/www.igel-nobilis.de\/jobs\/#breadcrumb"},"inLanguage":"en-GB","potentialAction":[{"@type":"ReadAction","target":["https:\/\/www.igel-nobilis.de\/jobs\/"]}]},{"@type":"BreadcrumbList","@id":"https:\/\/www.igel-nobilis.de\/jobs\/#breadcrumb","itemListElement":[{"@type":"ListItem","position":1,"name":"Startseite","item":"https:\/\/www.igel-nobilis.de\/"},{"@type":"ListItem","position":2,"name":"Jobs"}]},{"@type":"WebSite","@id":"https:\/\/www.igel-nobilis.de\/#website","url":"https:\/\/www.igel-nobilis.de\/","name":"IGEL nobilis","description":"Ihr Edelstahlprofi","potentialAction":[{"@type":"SearchAction","target":{"@type":"EntryPoint","urlTemplate":"https:\/\/www.igel-nobilis.de\/?s={search_term_string}"},"query-input":{"@type":"PropertyValueSpecification","valueRequired":true,"valueName":"search_term_string"}}],"inLanguage":"en-GB"}]}},"_links":{"self":[{"href":"https:\/\/www.igel-nobilis.de\/en\/wp-json\/wp\/v2\/pages\/60492","targetHints":{"allow":["GET"]}}],"collection":[{"href":"https:\/\/www.igel-nobilis.de\/en\/wp-json\/wp\/v2\/pages"}],"about":[{"href":"https:\/\/www.igel-nobilis.de\/en\/wp-json\/wp\/v2\/types\/page"}],"author":[{"embeddable":true,"href":"https:\/\/www.igel-nobilis.de\/en\/wp-json\/wp\/v2\/users\/1"}],"replies":[{"embeddable":true,"href":"https:\/\/www.igel-nobilis.de\/en\/wp-json\/wp\/v2\/comments?post=60492"}],"version-history":[{"count":28,"href":"https:\/\/www.igel-nobilis.de\/en\/wp-json\/wp\/v2\/pages\/60492\/revisions"}],"predecessor-version":[{"id":11337239,"href":"https:\/\/www.igel-nobilis.de\/en\/wp-json\/wp\/v2\/pages\/60492\/revisions\/11337239"}],"wp:attachment":[{"href":"https:\/\/www.igel-nobilis.de\/en\/wp-json\/wp\/v2\/media?parent=60492"}],"wp:term":[{"taxonomy":"dipi_cpt_category","embeddable":true,"href":"https:\/\/www.igel-nobilis.de\/en\/wp-json\/wp\/v2\/dipi_cpt_category?post=60492"}],"curies":[{"name":"wp","href":"https:\/\/api.w.org\/{rel}","templated":true}]}}